{"id":12940,"date":"2025-12-09T23:28:19","date_gmt":"2025-12-09T22:28:19","guid":{"rendered":"https:\/\/marintextil.com\/?page_id=12940"},"modified":"2026-01-06T18:32:26","modified_gmt":"2026-01-06T17:32:26","slug":"mobile-wallpapering-marstrands-seaside-hotel","status":"publish","type":"page","link":"https:\/\/marintextil.com\/eng\/mobeltapetsering-marstrands-havshotell\/","title":{"rendered":"Furniture upholstery &amp; armchair repair for Marstrand's Havshotell"},"content":{"rendered":"<div data-elementor-type=\"wp-page\" data-elementor-id=\"12940\" class=\"elementor elementor-12940\" data-elementor-post-type=\"page\">\n\t\t\t\t<div class=\"elementor-element elementor-element-d93ece7 e-flex e-con-boxed wpr-particle-no wpr-jarallax-no wpr-parallax-no wpr-sticky-section-no wpr-equal-height-no e-con e-parent\" data-id=\"d93ece7\" data-element_type=\"container\" data-e-type=\"container\" data-settings=\"{&quot;ekit_has_onepagescroll_dot&quot;:&quot;yes&quot;}\">\n\t\t\t\t\t<div class=\"e-con-inner\">\n\t\t<div class=\"elementor-element elementor-element-91d2720 e-con-full e-flex wpr-particle-no wpr-jarallax-no wpr-parallax-no wpr-sticky-section-no wpr-equal-height-no e-con e-child\" data-id=\"91d2720\" data-element_type=\"container\" data-e-type=\"container\" data-settings=\"{&quot;ekit_has_onepagescroll_dot&quot;:&quot;yes&quot;}\">\n\t\t<div class=\"elementor-element elementor-element-b5923e7 e-con-full e-flex wpr-particle-no wpr-jarallax-no wpr-parallax-no wpr-sticky-section-no wpr-equal-height-no e-con e-child\" data-id=\"b5923e7\" data-element_type=\"container\" data-e-type=\"container\" data-settings=\"{&quot;ekit_has_onepagescroll_dot&quot;:&quot;yes&quot;}\">\n\t\t<div class=\"elementor-element elementor-element-256bf27 e-con-full e-flex wpr-particle-no wpr-jarallax-no wpr-parallax-no wpr-sticky-section-no wpr-equal-height-no e-con e-child\" data-id=\"256bf27\" data-element_type=\"container\" data-e-type=\"container\" data-settings=\"{&quot;ekit_has_onepagescroll_dot&quot;:&quot;yes&quot;}\">\n\t\t\t\t<div class=\"elementor-element elementor-element-c576faa elementor-widget elementor-widget-heading\" data-id=\"c576faa\" data-element_type=\"widget\" data-e-type=\"widget\" data-settings=\"{&quot;ekit_we_effect_on&quot;:&quot;none&quot;}\" data-widget_type=\"heading.default\">\n\t\t\t\t<div class=\"elementor-widget-container\">\n\t\t\t\t\t<h1 class=\"elementor-heading-title elementor-size-default\">Furniture upholstery &amp; armchair repair for Marstrand's Havshotell<\/h1>\t\t\t\t<\/div>\n\t\t\t\t<\/div>\n\t\t\t\t<div class=\"elementor-element elementor-element-9d6e261 elementor-widget elementor-widget-text-editor\" data-id=\"9d6e261\" data-element_type=\"widget\" data-e-type=\"widget\" data-settings=\"{&quot;ekit_we_effect_on&quot;:&quot;none&quot;}\" data-widget_type=\"text-editor.default\">\n\t\t\t\t<div class=\"elementor-widget-container\">\n\t\t\t\t\t\t\t\t\t<p data-start=\"918\" data-end=\"1322\">On behalf of <strong data-start=\"932\" data-end=\"957\">Marstrand's Havshotell<\/strong> we perform professional furniture upholstery, reupholstering, and renovation of their hotel furniture. In this video, we show how we reupholster and repair armchairs and chair cushions used in hotel rooms and common areas. The work is carried out using premium fabrics, reinforced seams, and meticulous craftsmanship to ensure both durability and the right feel for hotel guests.<\/p><p data-start=\"1324\" data-end=\"1601\">As a leading player in <strong data-start=\"1347\" data-end=\"1402\">Furniture upholstery in Marstrand, Bohusl\u00e4n, and Gothenburg<\/strong> We help hotels, restaurants, companies, and private individuals with reupholstering and cleaning all types of furniture. Each project is tailored to the customer's style, functional needs, and durability requirements.<\/p>\t\t\t\t\t\t\t\t<\/div>\n\t\t\t\t<\/div>\n\t\t\t\t<div class=\"elementor-element elementor-element-58f3460 elementor-widget elementor-widget-heading\" data-id=\"58f3460\" data-element_type=\"widget\" data-e-type=\"widget\" data-settings=\"{&quot;ekit_we_effect_on&quot;:&quot;none&quot;}\" data-widget_type=\"heading.default\">\n\t\t\t\t<div class=\"elementor-widget-container\">\n\t\t\t\t\t<h2 class=\"elementor-heading-title elementor-size-default\">Professional reupholstering &amp; renovation of hotel furniture<\/h2>\t\t\t\t<\/div>\n\t\t\t\t<\/div>\n\t\t\t\t<div class=\"elementor-element elementor-element-8294e1c elementor-widget elementor-widget-text-editor\" data-id=\"8294e1c\" data-element_type=\"widget\" data-e-type=\"widget\" data-settings=\"{&quot;ekit_we_effect_on&quot;:&quot;none&quot;}\" data-widget_type=\"text-editor.default\">\n\t\t\t\t<div class=\"elementor-widget-container\">\n\t\t\t\t\t\t\t\t\t<p data-start=\"1676\" data-end=\"1865\">The hotel's armchairs and chair cushions are exposed to daily wear and tear, UV light, weight, and frequent use. This requires the highest level of craftsmanship and textiles that can withstand long-term stress.<\/p><p data-start=\"1867\" data-end=\"1916\">In the Marstrand Seafront Hotel project, we performed the following:<\/p><ul data-start=\"1918\" data-end=\"2162\"><li data-start=\"1918\" data-end=\"1973\"><p data-start=\"1920\" data-end=\"1973\">reupholstering of armchairs in durable marine\/vinyl fabric<\/p><\/li><li data-start=\"1974\" data-end=\"2015\"><p data-start=\"1976\" data-end=\"2015\">reinforcement of upholstery and panels<\/p><\/li><li data-start=\"2016\" data-end=\"2065\"><p data-start=\"2018\" data-end=\"2065\">new stitching with strong thread for hotel use<\/p><\/li><li data-start=\"2066\" data-end=\"2104\"><p data-start=\"2068\" data-end=\"2104\">assembly and fit check<\/p><\/li><li data-start=\"2105\" data-end=\"2162\"><p data-start=\"2107\" data-end=\"2162\">detailed work to preserve the original style of the furniture<\/p><\/li><\/ul><p data-start=\"2164\" data-end=\"2264\">The result is furniture that feels modern, fresh, and ready for many years of use in the hotel's rooms.<\/p>\t\t\t\t\t\t\t\t<\/div>\n\t\t\t\t<\/div>\n\t\t\t\t<\/div>\n\t\t<div class=\"elementor-element elementor-element-fe2dd73 e-con-full e-flex wpr-particle-no wpr-jarallax-no wpr-parallax-no wpr-sticky-section-no wpr-equal-height-no e-con e-child\" data-id=\"fe2dd73\" data-element_type=\"container\" data-e-type=\"container\" data-settings=\"{&quot;ekit_has_onepagescroll_dot&quot;:&quot;yes&quot;}\">\n\t\t\t\t<div class=\"elementor-element elementor-element-aa26a0f elementor-invisible elementor-widget elementor-widget-video\" data-id=\"aa26a0f\" data-element_type=\"widget\" data-e-type=\"widget\" data-settings=\"{&quot;autoplay&quot;:&quot;yes&quot;,&quot;show_image_overlay&quot;:&quot;yes&quot;,&quot;image_overlay&quot;:{&quot;url&quot;:&quot;&quot;,&quot;id&quot;:&quot;&quot;,&quot;size&quot;:&quot;&quot;,&quot;alt&quot;:&quot;&quot;,&quot;source&quot;:&quot;library&quot;},&quot;_animation&quot;:&quot;fadeIn&quot;,&quot;play_on_mobile&quot;:&quot;yes&quot;,&quot;video_type&quot;:&quot;hosted&quot;,&quot;mute&quot;:&quot;yes&quot;,&quot;ekit_we_effect_on&quot;:&quot;none&quot;}\" data-widget_type=\"video.default\">\n\t\t\t\t<div class=\"elementor-widget-container\">\n\t\t\t\t\t\t\t<div class=\"e-hosted-video elementor-wrapper elementor-open-inline\">\n\t\t\t\t\t<video class=\"elementor-video\" src=\"https:\/\/marintextil.com\/wp-content\/uploads\/2025\/08\/Marstrands-Havshotell-Stoldynor-Reperation.mp4\" autoplay=\"\" muted=\"muted\" playsinline=\"\" controlslist=\"nodownload\"><\/video>\n\t\t\t\t<\/div>\n\t\t\t\t\t\t<\/div>\n\t\t\t\t<\/div>\n\t\t\t\t<\/div>\n\t\t\t\t<\/div>\n\t\t\t\t<div class=\"elementor-element elementor-element-e61fe85 elementor-align-center elementor-tablet-align-left elementor-widget-tablet__width-initial elementor-widget elementor-widget-button\" data-id=\"e61fe85\" data-element_type=\"widget\" data-e-type=\"widget\" data-settings=\"{&quot;ekit_we_effect_on&quot;:&quot;none&quot;}\" data-widget_type=\"button.default\">\n\t\t\t\t<div class=\"elementor-widget-container\">\n\t\t\t\t\t\t\t\t\t<div class=\"elementor-button-wrapper\">\n\t\t\t\t\t<a class=\"elementor-button elementor-button-link elementor-size-sm elementor-animation-skew-forward\" href=\"https:\/\/marintextil.com\/eng\/product-partners\/\">\n\t\t\t\t\t\t<span class=\"elementor-button-content-wrapper\">\n\t\t\t\t\t\t<span class=\"elementor-button-icon\">\n\t\t\t\t<i aria-hidden=\"true\" class=\"icon icon-arrow-right\"><\/i>\t\t\t<\/span>\n\t\t\t\t\t\t\t\t\t<span class=\"elementor-button-text\">Learn more about Our Partners<\/span>\n\t\t\t\t\t<\/span>\n\t\t\t\t\t<\/a>\n\t\t\t\t<\/div>\n\t\t\t\t\t\t\t\t<\/div>\n\t\t\t\t<\/div>\n\t\t\t\t<div class=\"elementor-element elementor-element-b69820a elementor-widget elementor-widget-heading\" data-id=\"b69820a\" data-element_type=\"widget\" data-e-type=\"widget\" data-settings=\"{&quot;ekit_we_effect_on&quot;:&quot;none&quot;}\" data-widget_type=\"heading.default\">\n\t\t\t\t<div class=\"elementor-widget-container\">\n\t\t\t\t\t<h2 class=\"elementor-heading-title elementor-size-default\">Durable premium fabrics for hotel and corporate environments<\/h2>\t\t\t\t<\/div>\n\t\t\t\t<\/div>\n\t\t\t\t<div class=\"elementor-element elementor-element-f3a02e6 elementor-widget elementor-widget-text-editor\" data-id=\"f3a02e6\" data-element_type=\"widget\" data-e-type=\"widget\" data-settings=\"{&quot;ekit_we_effect_on&quot;:&quot;none&quot;}\" data-widget_type=\"text-editor.default\">\n\t\t\t\t<div class=\"elementor-widget-container\">\n\t\t\t\t\t\t\t\t\t<p data-start=\"2338\" data-end=\"2442\">We work with textiles from leading manufacturers that are designed for high usage. The fabrics are:<\/p><ul data-start=\"2444\" data-end=\"2594\"><li data-start=\"2444\" data-end=\"2461\"><p data-start=\"2446\" data-end=\"2461\">UV resistant<\/p><\/li><li data-start=\"2462\" data-end=\"2492\"><p data-start=\"2464\" data-end=\"2492\">water and dirt repellent<\/p><\/li><li data-start=\"2493\" data-end=\"2541\"><p data-start=\"2495\" data-end=\"2541\">Durable for daily commercial use<\/p><\/li><li data-start=\"2542\" data-end=\"2563\"><p data-start=\"2544\" data-end=\"2563\">easy to clean<\/p><\/li><li data-start=\"2564\" data-end=\"2594\"><p data-start=\"2566\" data-end=\"2594\">colorfast and long-lasting<\/p><\/li><\/ul><p data-start=\"2596\" data-end=\"2711\">These characteristics are crucial for hotels that want to maintain high standards while reducing the cost of new purchases.<\/p>\t\t\t\t\t\t\t\t<\/div>\n\t\t\t\t<\/div>\n\t\t\t\t<div class=\"elementor-element elementor-element-57509be elementor-widget elementor-widget-heading\" data-id=\"57509be\" data-element_type=\"widget\" data-e-type=\"widget\" data-settings=\"{&quot;ekit_we_effect_on&quot;:&quot;none&quot;}\" data-widget_type=\"heading.default\">\n\t\t\t\t<div class=\"elementor-widget-container\">\n\t\t\t\t\t<h2 class=\"elementor-heading-title elementor-size-default\">Why hotels choose Marstrands Marintextil<\/h2>\t\t\t\t<\/div>\n\t\t\t\t<\/div>\n\t\t\t\t<div class=\"elementor-element elementor-element-306bcfe elementor-widget elementor-widget-text-editor\" data-id=\"306bcfe\" data-element_type=\"widget\" data-e-type=\"widget\" data-settings=\"{&quot;ekit_we_effect_on&quot;:&quot;none&quot;}\" data-widget_type=\"text-editor.default\">\n\t\t\t\t<div class=\"elementor-widget-container\">\n\t\t\t\t\t\t\t\t\t<p data-start=\"2777\" data-end=\"2933\">We have extensive experience in renovating, reupholstering, and upgrading hotel furniture\u2014from armchairs and sofas to headboards, chair cushions, and textile wall panels.<\/p><p data-start=\"2935\" data-end=\"2964\">For hotel guests, we offer:<\/p><ul data-start=\"2966\" data-end=\"3157\"><li data-start=\"2966\" data-end=\"2988\"><p data-start=\"2968\" data-end=\"2988\">rapid project start<\/p><\/li><li data-start=\"2989\" data-end=\"3013\"><p data-start=\"2991\" data-end=\"3013\">extensive knowledge of materials<\/p><\/li><li data-start=\"3014\" data-end=\"3048\"><p data-start=\"3016\" data-end=\"3048\">consistent and high quality standards<\/p><\/li><li data-start=\"3049\" data-end=\"3090\"><p data-start=\"3051\" data-end=\"3090\">long durability for everything we produce<\/p><\/li><li data-start=\"3091\" data-end=\"3157\"><p data-start=\"3093\" data-end=\"3157\">direct personal contact with our upholsterer and project manager<\/p><\/li><\/ul><p data-start=\"3159\" data-end=\"3300\">Our workshop is located in Marstrand, but we work with hotels and companies throughout the west coast, Gothenburg, Bohusl\u00e4n, and the rest of Sweden.<\/p>\t\t\t\t\t\t\t\t<\/div>\n\t\t\t\t<\/div>\n\t\t\t\t<div class=\"elementor-element elementor-element-efe2dc7 elementor-widget elementor-widget-heading\" data-id=\"efe2dc7\" data-element_type=\"widget\" data-e-type=\"widget\" data-settings=\"{&quot;ekit_we_effect_on&quot;:&quot;none&quot;}\" data-widget_type=\"heading.default\">\n\t\t\t\t<div class=\"elementor-widget-container\">\n\t\t\t\t\t<h2 class=\"elementor-heading-title elementor-size-default\">Request a quote or book a consultation<\/h2>\t\t\t\t<\/div>\n\t\t\t\t<\/div>\n\t\t\t\t<div class=\"elementor-element elementor-element-5f21fef elementor-widget elementor-widget-text-editor\" data-id=\"5f21fef\" data-element_type=\"widget\" data-e-type=\"widget\" data-settings=\"{&quot;ekit_we_effect_on&quot;:&quot;none&quot;}\" data-widget_type=\"text-editor.default\">\n\t\t\t\t<div class=\"elementor-widget-container\">\n\t\t\t\t\t\t\t\t\t<p>We respond quickly and help you find the right materials and solutions for your project.<\/p>\t\t\t\t\t\t\t\t<\/div>\n\t\t\t\t<\/div>\n\t\t\t\t<div class=\"elementor-element elementor-element-2122413 elementor-align-left elementor-widget elementor-widget-button\" data-id=\"2122413\" data-element_type=\"widget\" data-e-type=\"widget\" data-settings=\"{&quot;ekit_we_effect_on&quot;:&quot;none&quot;}\" data-widget_type=\"button.default\">\n\t\t\t\t<div class=\"elementor-widget-container\">\n\t\t\t\t\t\t\t\t\t<div class=\"elementor-button-wrapper\">\n\t\t\t\t\t<a class=\"elementor-button elementor-button-link elementor-size-sm elementor-animation-shrink\" href=\"https:\/\/marintextil.com\/eng\/contact-us\/\">\n\t\t\t\t\t\t<span class=\"elementor-button-content-wrapper\">\n\t\t\t\t\t\t<span class=\"elementor-button-icon\">\n\t\t\t\t<i aria-hidden=\"true\" class=\"arrow_right\"><\/i>\t\t\t<\/span>\n\t\t\t\t\t\t\t\t\t<span class=\"elementor-button-text\">CONTACT US<\/span>\n\t\t\t\t\t<\/span>\n\t\t\t\t\t<\/a>\n\t\t\t\t<\/div>\n\t\t\t\t\t\t\t\t<\/div>\n\t\t\t\t<\/div>\n\t\t\t\t<\/div>\n\t\t\t\t\t<\/div>\n\t\t\t\t<\/div>\n\t\t\t\t<\/div>","protected":false},"excerpt":{"rendered":"<p>M\u00f6beltapetsering &amp; F\u00e5t\u00f6ljreparation f\u00f6r Marstrands Havshotell P\u00e5 uppdrag av Marstrands Havshotell utf\u00f6r vi professionell m\u00f6beltapetsering, omkl\u00e4dsel och renovering av deras<\/p>","protected":false},"author":4,"featured_media":3666,"parent":0,"menu_order":0,"comment_status":"closed","ping_status":"closed","template":"","meta":{"site-sidebar-layout":"no-sidebar","site-content-layout":"","ast-site-content-layout":"full-width-container","site-content-style":"default","site-sidebar-style":"default","ast-global-header-display":"","ast-banner-title-visibility":"","ast-main-header-display":"","ast-hfb-above-header-display":"","ast-hfb-below-header-display":"","ast-hfb-mobile-header-display":"","site-post-title":"disabled","ast-breadcrumbs-content":"","ast-featured-img":"disabled","footer-sml-layout":"","ast-disable-related-posts":"","theme-transparent-header-meta":"","adv-header-id-meta":"","stick-header-meta":"","header-above-stick-meta":"","header-main-stick-meta":"","header-below-stick-meta":"","astra-migrate-meta-layouts":"default","ast-page-background-enabled":"default","ast-page-background-meta":{"desktop":{"background-color":"var(--ast-global-color-5)","background-image":"","background-repeat":"repeat","background-position":"center center","background-size":"auto","background-attachment":"scroll","background-type":"","background-media":"","overlay-type":"","overlay-color":"","overlay-opacity":"","overlay-gradient":""},"tablet":{"background-color":"","background-image":"","background-repeat":"repeat","background-position":"center center","background-size":"auto","background-attachment":"scroll","background-type":"","background-media":"","overlay-type":"","overlay-color":"","overlay-opacity":"","overlay-gradient":""},"mobile":{"background-color":"","background-image":"","background-repeat":"repeat","background-position":"center center","background-size":"auto","background-attachment":"scroll","background-type":"","background-media":"","overlay-type":"","overlay-color":"","overlay-opacity":"","overlay-gradient":""}},"ast-content-background-meta":{"desktop":{"background-color":"var(--ast-global-color-4)","background-image":"","background-repeat":"repeat","background-position":"center center","background-size":"auto","background-attachment":"scroll","background-type":"","background-media":"","overlay-type":"","overlay-color":"","overlay-opacity":"","overlay-gradient":""},"tablet":{"background-color":"var(--ast-global-color-4)","background-image":"","background-repeat":"repeat","background-position":"center center","background-size":"auto","background-attachment":"scroll","background-type":"","background-media":"","overlay-type":"","overlay-color":"","overlay-opacity":"","overlay-gradient":""},"mobile":{"background-color":"var(--ast-global-color-4)","background-image":"","background-repeat":"repeat","background-position":"center center","background-size":"auto","background-attachment":"scroll","background-type":"","background-media":"","overlay-type":"","overlay-color":"","overlay-opacity":"","overlay-gradient":""}},"footnotes":""},"class_list":["post-12940","page","type-page","status-publish","has-post-thumbnail","hentry"],"acf":[],"_links":{"self":[{"href":"https:\/\/marintextil.com\/eng\/wp-json\/wp\/v2\/pages\/12940","targetHints":{"allow":["GET"]}}],"collection":[{"href":"https:\/\/marintextil.com\/eng\/wp-json\/wp\/v2\/pages"}],"about":[{"href":"https:\/\/marintextil.com\/eng\/wp-json\/wp\/v2\/types\/page"}],"author":[{"embeddable":true,"href":"https:\/\/marintextil.com\/eng\/wp-json\/wp\/v2\/users\/4"}],"replies":[{"embeddable":true,"href":"https:\/\/marintextil.com\/eng\/wp-json\/wp\/v2\/comments?post=12940"}],"version-history":[{"count":0,"href":"https:\/\/marintextil.com\/eng\/wp-json\/wp\/v2\/pages\/12940\/revisions"}],"wp:featuredmedia":[{"embeddable":true,"href":"https:\/\/marintextil.com\/eng\/wp-json\/wp\/v2\/media\/3666"}],"wp:attachment":[{"href":"https:\/\/marintextil.com\/eng\/wp-json\/wp\/v2\/media?parent=12940"}],"curies":[{"name":"wp","href":"https:\/\/api.w.org\/{rel}","templated":true}]}}